{"id":11,"date":"2018-01-15T10:44:23","date_gmt":"2018-01-15T09:44:23","guid":{"rendered":"http:\/\/fleischerei-rockhoff.de\/wp1\/?page_id=11"},"modified":"2025-11-24T16:44:17","modified_gmt":"2025-11-24T15:44:17","slug":"ueber-uns","status":"publish","type":"page","link":"https:\/\/www.fleischerei-rockhoff.de\/?page_id=11","title":{"rendered":"\u00dcber uns"},"content":{"rendered":"<section class=\"wpb-content-wrapper\"><p>[vc_row][vc_column][vc_column_text]<\/p>\n<h3 style=\"text-align: center;\">Fleischerei Rockhoff:<br \/>\nWir stehen f\u00fcr Metzgerei-Waren in h\u00f6chster Qualit\u00e4t<\/h3>\n<p>[\/vc_column_text][\/vc_column][\/vc_row][vc_row][vc_column width=&#8221;1\/2&#8243;][vc_column_text]<\/p>\n<p style=\"text-align: left;\">Wir kennen seit 1948 die anspruchsvollen W\u00fcnsche unserer Kunden und werden diesen mit unseren frischen Fleisch- und Wurstspezialit\u00e4ten t\u00e4glich gerecht. Unser serviceorientiertes und geschultes Personal zielt auf eine kompetente und freundliche Beratung ab, sodass unsere Kunden unsere Metzgerei am Niederrhein zufrieden verlassen und sich bestens informiert der Zubereitung unserer Waren widmen k\u00f6nnen.<\/p>\n<p>[\/vc_column_text][\/vc_column][vc_column width=&#8221;1\/2&#8243;][vc_column_text]<\/p>\n<p style=\"text-align: left;\">Damit wir auch weiterhin unseren Qualit\u00e4tsstandards entsprechen, sind wir ab sofort auf der Suche nach Personal, das uns im Verkauf und in der Fleischerei tatkr\u00e4ftig unterst\u00fctzt. Wir sind stolz darauf, unsere Schlachtung und Zerlegung hausintern durchf\u00fchren sowie einen Herkunftsnachweis f\u00fcr jedes Tier vorlegen zu k\u00f6nnen.<\/p>\n<p>[\/vc_column_text][\/vc_column][\/vc_row][vc_row][vc_column width=&#8221;1\/2&#8243;][vc_column_text]<\/p>\n<h2 style=\"text-align: left;\"><strong><script type=\"text\/javascript\">\r\ndocument.addEventListener(\"DOMContentLoaded\", function(event) { \r\n\tjQuery( '#slider-pro-3-288' ).sliderPro({\r\n\t\t\/\/width\r\n\t\t\t\twidth: 1000,\r\n\t\t\t\t\r\n\t\t\/\/height\r\n\t\t\t\theight: 500,\r\n\t\t\t\t\r\n\t\t\/\/auto play\r\n\t\t\t\tautoplay:  true,\r\n\t\tautoplayOnHover: 'none',\r\n\t\t\t\t\t\t\t\tautoplayDelay: 5000,\r\n\t\t\r\n\t\t\r\n\t\tarrows: true,\r\n\t\tbuttons: true,\r\n\t\tsmallSize: 500,\r\n\t\tmediumSize: 1000,\r\n\t\tlargeSize: 3000,\r\n\t\tfade: true,\r\n\t\t\r\n\t\t\/\/thumbnail\r\n\t\tthumbnailArrows: true,\r\n\t\tthumbnailWidth: 120,\r\n\t\tthumbnailHeight: 120,\r\n\t\t\t\t\t\tthumbnailsPosition: 'bottom',\r\n\t\t\t\t\t\tcenterImage: true,\r\n\t\timageScaleMode: 'cover',\r\n\t\tallowScaleUp: true,\r\n\t\t\t\tstartSlide: 0,\r\n\t\tloop: true,\r\n\t\tslideDistance: 5,\r\n\t\tautoplayDirection: 'normal',\r\n\t\ttouchSwipe: true,\r\n\t\tfullScreen: true,\r\n\t});\r\n});\r\n<\/script>\r\n\r\n\t\t<div id=\"slider-pro-3-288\" class=\"slider-pro\">\r\n\t\t\t<!---- slides div start ---->\r\n\t\t\t<div class=\"sp-slides\">\r\n\t\t\t\t\t\t\t\t\t\t<div class=\"sp-slide\">\r\n\t\t\t\t\t\t\t<img decoding=\"async\" class=\"sp-image\" loading=\"lazy\" alt=\"IMG_9464\" src=\"https:\/\/www.fleischerei-rockhoff.de\/wp-content\/plugins\/ultimate-responsive-image-slider\/assets\/css\/images\/blank.gif\" data-src=\"https:\/\/www.fleischerei-rockhoff.de\/wp-content\/uploads\/2018\/05\/IMG_9464.jpg\" \/>\r\n\r\n\t\t\t\t\t\t\t\r\n\t\t\t\t\t\t\t\t\t\t\t\t\t<\/div>\r\n\t\t\t\t\t\t\t\t\t\t\t\t<div class=\"sp-slide\">\r\n\t\t\t\t\t\t\t<img decoding=\"async\" class=\"sp-image\" loading=\"lazy\" alt=\"IMG_9462\" src=\"https:\/\/www.fleischerei-rockhoff.de\/wp-content\/plugins\/ultimate-responsive-image-slider\/assets\/css\/images\/blank.gif\" data-src=\"https:\/\/www.fleischerei-rockhoff.de\/wp-content\/uploads\/2018\/05\/IMG_9462.jpg\" \/>\r\n\r\n\t\t\t\t\t\t\t\r\n\t\t\t\t\t\t\t\t\t\t\t\t\t<\/div>\r\n\t\t\t\t\t\t\t\t\t\t\t\t<div class=\"sp-slide\">\r\n\t\t\t\t\t\t\t<img decoding=\"async\" class=\"sp-image\" loading=\"lazy\" alt=\"IMG_9466\" src=\"https:\/\/www.fleischerei-rockhoff.de\/wp-content\/plugins\/ultimate-responsive-image-slider\/assets\/css\/images\/blank.gif\" data-src=\"https:\/\/www.fleischerei-rockhoff.de\/wp-content\/uploads\/2018\/05\/IMG_9466.jpg\" \/>\r\n\r\n\t\t\t\t\t\t\t\r\n\t\t\t\t\t\t\t\t\t\t\t\t\t<\/div>\r\n\t\t\t\t\t\t\t\t\t\t\t\t<div class=\"sp-slide\">\r\n\t\t\t\t\t\t\t<img decoding=\"async\" class=\"sp-image\" loading=\"lazy\" alt=\"IMG_9467\" src=\"https:\/\/www.fleischerei-rockhoff.de\/wp-content\/plugins\/ultimate-responsive-image-slider\/assets\/css\/images\/blank.gif\" data-src=\"https:\/\/www.fleischerei-rockhoff.de\/wp-content\/uploads\/2018\/05\/IMG_9467.jpg\" \/>\r\n\r\n\t\t\t\t\t\t\t\r\n\t\t\t\t\t\t\t\t\t\t\t\t\t<\/div>\r\n\t\t\t\t\t\t\t\t\t\t\t\t<div class=\"sp-slide\">\r\n\t\t\t\t\t\t\t<img decoding=\"async\" class=\"sp-image\" loading=\"lazy\" alt=\"IMG_9465\" src=\"https:\/\/www.fleischerei-rockhoff.de\/wp-content\/plugins\/ultimate-responsive-image-slider\/assets\/css\/images\/blank.gif\" data-src=\"https:\/\/www.fleischerei-rockhoff.de\/wp-content\/uploads\/2018\/05\/IMG_9465.jpg\" \/>\r\n\r\n\t\t\t\t\t\t\t\r\n\t\t\t\t\t\t\t\t\t\t\t\t\t<\/div>\r\n\t\t\t\t\t\t\t\t\t<\/div>\r\n\t\t\t\r\n\t\t\t<!---- slides div end ---->\r\n\t\t\t\t\t\t<!-- slides thumbnails div start -->\r\n\t\t\t<div class=\"sp-thumbnails\">\r\n\t\t\t\t\t\t\t\t\t\t<img decoding=\"async\" class=\"sp-thumbnail\" loading=\"lazy\" src=\"https:\/\/www.fleischerei-rockhoff.de\/wp-content\/plugins\/ultimate-responsive-image-slider\/assets\/img\/loading.gif\" data-src=\"https:\/\/www.fleischerei-rockhoff.de\/wp-content\/uploads\/2018\/05\/IMG_9464-300x200.jpg\" alt=\"IMG_9464\"\/>\r\n\t\t\t\t\t\t\t\t\t\t\t<img decoding=\"async\" class=\"sp-thumbnail\" loading=\"lazy\" src=\"https:\/\/www.fleischerei-rockhoff.de\/wp-content\/plugins\/ultimate-responsive-image-slider\/assets\/img\/loading.gif\" data-src=\"https:\/\/www.fleischerei-rockhoff.de\/wp-content\/uploads\/2018\/05\/IMG_9462-300x200.jpg\" alt=\"IMG_9462\"\/>\r\n\t\t\t\t\t\t\t\t\t\t\t<img decoding=\"async\" class=\"sp-thumbnail\" loading=\"lazy\" src=\"https:\/\/www.fleischerei-rockhoff.de\/wp-content\/plugins\/ultimate-responsive-image-slider\/assets\/img\/loading.gif\" data-src=\"https:\/\/www.fleischerei-rockhoff.de\/wp-content\/uploads\/2018\/05\/IMG_9466-300x200.jpg\" alt=\"IMG_9466\"\/>\r\n\t\t\t\t\t\t\t\t\t\t\t<img decoding=\"async\" class=\"sp-thumbnail\" loading=\"lazy\" src=\"https:\/\/www.fleischerei-rockhoff.de\/wp-content\/plugins\/ultimate-responsive-image-slider\/assets\/img\/loading.gif\" data-src=\"https:\/\/www.fleischerei-rockhoff.de\/wp-content\/uploads\/2018\/05\/IMG_9467-300x200.jpg\" alt=\"IMG_9467\"\/>\r\n\t\t\t\t\t\t\t\t\t\t\t<img decoding=\"async\" class=\"sp-thumbnail\" loading=\"lazy\" src=\"https:\/\/www.fleischerei-rockhoff.de\/wp-content\/plugins\/ultimate-responsive-image-slider\/assets\/img\/loading.gif\" data-src=\"https:\/\/www.fleischerei-rockhoff.de\/wp-content\/uploads\/2018\/05\/IMG_9465-300x200.jpg\" alt=\"IMG_9465\"\/>\r\n\t\t\t\t\t\t\t\t<\/div>\r\n\t\t\t\t\t\t<!-- slides thumbnails div end -->\r\n\t\t<\/div>\r\n\t\t<style>\r\n\/* Layout 3 *\/\r\n\/* border *\/\r\n#slider-pro-3-288 .sp-selected-thumbnail {\r\n\tborder: 4px solid #000000;\r\n}\r\n\r\n\/* font + color *\/\r\n.title-in  {\r\n\tfont-family: Arial !important;\r\n\tcolor: #FFFFFF !important;\r\n\tbackground-color: #000000 !important;\r\n\topacity: 0.7 !important;\r\n}\r\n.desc-in  {\r\n\tfont-family: Arial !important;\r\n\tcolor: #FFFFFF !important;\r\n\tbackground-color: #00000 !important;\r\n\topacity: 0.7 !important;\r\n}\r\n\r\n\/* bullets color *\/\r\n.sp-button  {\r\n\tborder: 2px solid #000000 !important;\r\n}\r\n.sp-selected-button  {\r\n\tbackground-color: #000000 !important;\r\n}\r\n\r\n\/* pointer color - bottom *\/\r\n.sp-selected-thumbnail::before {\r\n\tborder-bottom: 5px solid #000000 !important;\r\n}\r\n.sp-selected-thumbnail::after {\r\n\tborder-bottom: 13px solid #000000 !important;\r\n}\r\n\r\n\/* pointer color - top *\/\r\n\r\n\/* full screen icon *\/\r\n.sp-full-screen-button::before {\r\n    color: #FFFFFF !important;\r\n}\r\n\r\n\/* hover navigation icon color *\/\r\n.sp-next-arrow::after, .sp-next-arrow::before {\r\n\tbackground-color: #FFFFFF !important;\r\n}\r\n.sp-previous-arrow::after, .sp-previous-arrow::before {\r\n\tbackground-color: #FFFFFF !important;\r\n}\r\n\r\n#slider-pro-3-288 .title-in {\r\n\tcolor: #FFFFFF !important;\r\n\tfont-weight: bolder;\r\n\ttext-align: center;\r\n}\r\n\r\n#slider-pro-3-288 .title-in-bg {\r\n\tbackground: rgba(255, 255, 255, 0.7); !important;\r\n\twhite-space: unset !important;\r\n\ttransform: initial !important;\r\n\t-webkit-transform: initial !important;\r\n\tfont-size: 14px !important;\r\n}\r\n\r\n#slider-pro-3-288 .desc-in {\r\n\tcolor: #FFFFFF !important;\r\n\ttext-align: center;\r\n}\r\n#slider-pro-3-288 .desc-in-bg {\r\n\tbackground: rgba(#00000, 0.7) !important;\r\n\twhite-space: unset !important;\r\n\ttransform: initial !important;\r\n\t-webkit-transform: initial !important;\r\n\tfont-size: 13px !important;\r\n}\r\n\r\n@media (max-width: 640px) {\r\n\t#slider-pro-3-288 .hide-small-screen {\r\n\t\tdisplay: none;\r\n\t}\r\n}\r\n\r\n@media (max-width: 860px) {\r\n\t#slider-pro-3-288 .sp-layer {\r\n\t\tfont-size: 18px;\r\n\t}\r\n\t\r\n\t#slider-pro-3-288 .hide-medium-screen {\r\n\t\tdisplay: none;\r\n\t}\r\n}\r\n.slides-not-found {\r\n\tbackground-color: #a92929;\r\n\tborder-radius: 5px;\r\n\tcolor: #fff;\r\n\tfont-family: initial;\r\n\ttext-align: center;\r\n\tpadding:12px;\r\n}\r\n\/* Custom CSS *\/\r\n<\/style>\r\n<\/strong><\/h2>\n<p>[\/vc_column_text][\/vc_column][vc_column width=&#8221;1\/2&#8243;][vc_column_text]<\/p>\n<p style=\"text-align: left;\"><strong>F\u00fcr Ihren unbeschwerten Fleischgenuss:<\/strong><\/p>\n<ul style=\"text-align: left;\">\n<li>Nur Rind-, Kalb- und Schweinefleisch aus unserer Region<\/li>\n<li>Herkunftsnachweis f\u00fcr jedes Tier<\/li>\n<li>Eigene Schlachtung und Zerlegung<\/li>\n<li>Herstellung von Wurstwaren nur mit bestem Fleisch<\/li>\n<li>Beratung in allen Fragen rund ums Fleisch<\/li>\n<li>Frische und Qualit\u00e4t unserer Produkte<\/li>\n<\/ul>\n<p style=\"text-align: left;\">Fleisch geh\u00f6rt zur ausgewogenen Ern\u00e4hrung und versorgt den K\u00f6rper mit hochwertigem Eiwei\u00df und optimal verwertbarem Eisen, zudem ist Fleisch ist eine optimale Quelle f\u00fcr B-Vitamine. Schweinefleisch ist der wichtigste Lieferant von Vitamin B1. Fleisch ist eines der bestkontrollierten Lebensmittel. Bis hin zur Ladentheke wird von Amtswegen alles\u00a0regelm\u00e4\u00dfig \u00fcberwacht.<\/p>\n<p>[\/vc_column_text][\/vc_column][\/vc_row][vc_row][vc_column][vc_empty_space height=&#8221;22px&#8221;][\/vc_column][\/vc_row]<\/p>\n<\/section>","protected":false},"excerpt":{"rendered":"<p>[vc_row][vc_column][vc_column_text] Fleischerei Rockhoff: Wir stehen f\u00fcr Metzgerei-Waren in h\u00f6chster Qualit\u00e4t [\/vc_column_text][\/vc_column][\/vc_row][vc_row][vc_column width=&#8221;1\/2&#8243;][vc_column_text] Wir kennen seit 1948 die anspruchsvollen W\u00fcnsche unserer Kunden und werden diesen mit unseren frischen Fleisch- und Wurstspezialit\u00e4ten t\u00e4glich gerecht. Unser serviceorientiertes und geschultes Personal zielt auf eine kompetente und freundliche Beratung ab, sodass unsere Kunden unsere Metzgerei am Niederrhein zufrieden verlassen und &hellip; <a href=\"https:\/\/www.fleischerei-rockhoff.de\/?p=288\" class=\"more-link\">Weiterlesen <span class=\"screen-reader-text\">produkte<\/span> <span class=\"meta-nav\">&rarr;<\/span><\/a><\/p>\n","protected":false},"author":1,"featured_media":808,"parent":0,"menu_order":0,"comment_status":"closed","ping_status":"closed","template":"templates\/portfolio-page.php","meta":{"footnotes":""},"class_list":["post-11","page","type-page","status-publish","has-post-thumbnail","hentry"],"yoast_head":"<!-- This site is optimized with the Yoast SEO plugin v19.9 - https:\/\/yoast.com\/wordpress\/plugins\/seo\/ -->\n<title>\u00dcber uns -<\/title>\n<meta name=\"robots\" content=\"index, follow, max-snippet:-1, max-image-preview:large, max-video-preview:-1\" \/>\n<link rel=\"canonical\" href=\"https:\/\/www.fleischerei-rockhoff.de\/?page_id=11\" \/>\n<meta property=\"og:locale\" content=\"de_DE\" \/>\n<meta property=\"og:type\" content=\"article\" \/>\n<meta property=\"og:title\" content=\"\u00dcber uns -\" \/>\n<meta property=\"og:description\" content=\"[vc_row][vc_column][vc_column_text] Fleischerei Rockhoff: Wir stehen f\u00fcr Metzgerei-Waren in h\u00f6chster Qualit\u00e4t [\/vc_column_text][\/vc_column][\/vc_row][vc_row][vc_column width=&#8221;1\/2&#8243;][vc_column_text] Wir kennen seit 1948 die anspruchsvollen W\u00fcnsche unserer Kunden und werden diesen mit unseren frischen Fleisch- und Wurstspezialit\u00e4ten t\u00e4glich gerecht. Unser serviceorientiertes und geschultes Personal zielt auf eine kompetente und freundliche Beratung ab, sodass unsere Kunden unsere Metzgerei am Niederrhein zufrieden verlassen und &hellip; Weiterlesen produkte &rarr;\" \/>\n<meta property=\"og:url\" content=\"https:\/\/www.fleischerei-rockhoff.de\/?page_id=11\" \/>\n<meta property=\"article:modified_time\" content=\"2025-11-24T15:44:17+00:00\" \/>\n<meta property=\"og:image\" content=\"https:\/\/www.fleischerei-rockhoff.de\/wp-content\/uploads\/2025\/11\/aussen1.jpg\" \/>\n\t<meta property=\"og:image:width\" content=\"1560\" \/>\n\t<meta property=\"og:image:height\" content=\"700\" \/>\n\t<meta property=\"og:image:type\" content=\"image\/jpeg\" \/>\n<meta name=\"twitter:card\" content=\"summary_large_image\" \/>\n<meta name=\"twitter:label1\" content=\"Gesch\u00e4tzte Lesezeit\" \/>\n\t<meta name=\"twitter:data1\" content=\"2\u00a0Minuten\" \/>\n<script type=\"application\/ld+json\" class=\"yoast-schema-graph\">{\"@context\":\"https:\/\/schema.org\",\"@graph\":[{\"@type\":\"WebPage\",\"@id\":\"https:\/\/www.fleischerei-rockhoff.de\/?page_id=11\",\"url\":\"https:\/\/www.fleischerei-rockhoff.de\/?page_id=11\",\"name\":\"\u00dcber uns -\",\"isPartOf\":{\"@id\":\"https:\/\/www.fleischerei-rockhoff.de\/#website\"},\"datePublished\":\"2018-01-15T09:44:23+00:00\",\"dateModified\":\"2025-11-24T15:44:17+00:00\",\"breadcrumb\":{\"@id\":\"https:\/\/www.fleischerei-rockhoff.de\/?page_id=11#breadcrumb\"},\"inLanguage\":\"de\",\"potentialAction\":[{\"@type\":\"ReadAction\",\"target\":[\"https:\/\/www.fleischerei-rockhoff.de\/?page_id=11\"]}]},{\"@type\":\"BreadcrumbList\",\"@id\":\"https:\/\/www.fleischerei-rockhoff.de\/?page_id=11#breadcrumb\",\"itemListElement\":[{\"@type\":\"ListItem\",\"position\":1,\"name\":\"Startseite\",\"item\":\"https:\/\/www.fleischerei-rockhoff.de\/\"},{\"@type\":\"ListItem\",\"position\":2,\"name\":\"\u00dcber uns\"}]},{\"@type\":\"WebSite\",\"@id\":\"https:\/\/www.fleischerei-rockhoff.de\/#website\",\"url\":\"https:\/\/www.fleischerei-rockhoff.de\/\",\"name\":\"\",\"description\":\"\",\"potentialAction\":[{\"@type\":\"SearchAction\",\"target\":{\"@type\":\"EntryPoint\",\"urlTemplate\":\"https:\/\/www.fleischerei-rockhoff.de\/?s={search_term_string}\"},\"query-input\":\"required name=search_term_string\"}],\"inLanguage\":\"de\"}]}<\/script>\n<!-- \/ Yoast SEO plugin. -->","yoast_head_json":{"title":"\u00dcber uns -","robots":{"index":"index","follow":"follow","max-snippet":"max-snippet:-1","max-image-preview":"max-image-preview:large","max-video-preview":"max-video-preview:-1"},"canonical":"https:\/\/www.fleischerei-rockhoff.de\/?page_id=11","og_locale":"de_DE","og_type":"article","og_title":"\u00dcber uns -","og_description":"[vc_row][vc_column][vc_column_text] Fleischerei Rockhoff: Wir stehen f\u00fcr Metzgerei-Waren in h\u00f6chster Qualit\u00e4t [\/vc_column_text][\/vc_column][\/vc_row][vc_row][vc_column width=&#8221;1\/2&#8243;][vc_column_text] Wir kennen seit 1948 die anspruchsvollen W\u00fcnsche unserer Kunden und werden diesen mit unseren frischen Fleisch- und Wurstspezialit\u00e4ten t\u00e4glich gerecht. Unser serviceorientiertes und geschultes Personal zielt auf eine kompetente und freundliche Beratung ab, sodass unsere Kunden unsere Metzgerei am Niederrhein zufrieden verlassen und &hellip; Weiterlesen produkte &rarr;","og_url":"https:\/\/www.fleischerei-rockhoff.de\/?page_id=11","article_modified_time":"2025-11-24T15:44:17+00:00","og_image":[{"width":1560,"height":700,"url":"https:\/\/www.fleischerei-rockhoff.de\/wp-content\/uploads\/2025\/11\/aussen1.jpg","type":"image\/jpeg"}],"twitter_card":"summary_large_image","twitter_misc":{"Gesch\u00e4tzte Lesezeit":"2\u00a0Minuten"},"schema":{"@context":"https:\/\/schema.org","@graph":[{"@type":"WebPage","@id":"https:\/\/www.fleischerei-rockhoff.de\/?page_id=11","url":"https:\/\/www.fleischerei-rockhoff.de\/?page_id=11","name":"\u00dcber uns -","isPartOf":{"@id":"https:\/\/www.fleischerei-rockhoff.de\/#website"},"datePublished":"2018-01-15T09:44:23+00:00","dateModified":"2025-11-24T15:44:17+00:00","breadcrumb":{"@id":"https:\/\/www.fleischerei-rockhoff.de\/?page_id=11#breadcrumb"},"inLanguage":"de","potentialAction":[{"@type":"ReadAction","target":["https:\/\/www.fleischerei-rockhoff.de\/?page_id=11"]}]},{"@type":"BreadcrumbList","@id":"https:\/\/www.fleischerei-rockhoff.de\/?page_id=11#breadcrumb","itemListElement":[{"@type":"ListItem","position":1,"name":"Startseite","item":"https:\/\/www.fleischerei-rockhoff.de\/"},{"@type":"ListItem","position":2,"name":"\u00dcber uns"}]},{"@type":"WebSite","@id":"https:\/\/www.fleischerei-rockhoff.de\/#website","url":"https:\/\/www.fleischerei-rockhoff.de\/","name":"","description":"","potentialAction":[{"@type":"SearchAction","target":{"@type":"EntryPoint","urlTemplate":"https:\/\/www.fleischerei-rockhoff.de\/?s={search_term_string}"},"query-input":"required name=search_term_string"}],"inLanguage":"de"}]}},"_links":{"self":[{"href":"https:\/\/www.fleischerei-rockhoff.de\/index.php?rest_route=\/wp\/v2\/pages\/11","targetHints":{"allow":["GET"]}}],"collection":[{"href":"https:\/\/www.fleischerei-rockhoff.de\/index.php?rest_route=\/wp\/v2\/pages"}],"about":[{"href":"https:\/\/www.fleischerei-rockhoff.de\/index.php?rest_route=\/wp\/v2\/types\/page"}],"author":[{"embeddable":true,"href":"https:\/\/www.fleischerei-rockhoff.de\/index.php?rest_route=\/wp\/v2\/users\/1"}],"replies":[{"embeddable":true,"href":"https:\/\/www.fleischerei-rockhoff.de\/index.php?rest_route=%2Fwp%2Fv2%2Fcomments&post=11"}],"version-history":[{"count":41,"href":"https:\/\/www.fleischerei-rockhoff.de\/index.php?rest_route=\/wp\/v2\/pages\/11\/revisions"}],"predecessor-version":[{"id":810,"href":"https:\/\/www.fleischerei-rockhoff.de\/index.php?rest_route=\/wp\/v2\/pages\/11\/revisions\/810"}],"wp:featuredmedia":[{"embeddable":true,"href":"https:\/\/www.fleischerei-rockhoff.de\/index.php?rest_route=\/wp\/v2\/media\/808"}],"wp:attachment":[{"href":"https:\/\/www.fleischerei-rockhoff.de\/index.php?rest_route=%2Fwp%2Fv2%2Fmedia&parent=11"}],"curies":[{"name":"wp","href":"https:\/\/api.w.org\/{rel}","templated":true}]}}