{"id":15,"date":"2018-01-15T10:44:23","date_gmt":"2018-01-15T09:44:23","guid":{"rendered":"http:\/\/fleischerei-rockhoff.de\/wp1\/?page_id=15"},"modified":"2025-11-24T17:06:31","modified_gmt":"2025-11-24T16:06:31","slug":"ausbildung","status":"publish","type":"page","link":"https:\/\/www.fleischerei-rockhoff.de\/?page_id=15","title":{"rendered":"Jobs"},"content":{"rendered":"<section class=\"wpb-content-wrapper\"><p>[vc_row][vc_column width=&#8221;1\/2&#8243;][vc_column_text]<\/p>\n<h3 style=\"text-align: center;\">Sie suchen einen zukunftssicheren Arbeitsplatz?<\/h3>\n<p>[\/vc_column_text][vc_tta_accordion title_tag=&#8221;p&#8221; section_title_tag=&#8221;p&#8221; active_section=&#8221;1&#8243;][vc_tta_section title=&#8221;Krisensicheren Job&#8221; tab_id=&#8221;1763999236937-c44a09aa-cc4d&#8221;][vc_column_text]<\/p>\n<p style=\"text-align: left;\">Unsere Fleischerei ist stolz darauf, unsere Waren bereits seit 1948 unseren Kunden anbieten zu k\u00f6nnen. Die Jobs unserer Mitarbeiter sind auch in Krisenzeiten gesichert und wir legen viel Wert auf eine langfristige Zusammenarbeit.<\/p>\n<p>[\/vc_column_text][\/vc_tta_section][vc_tta_section title=&#8221;Flexible Arbeitszeitgestaltung&#8221; tab_id=&#8221;1763999236952-cc4567a9-f772&#8243;][vc_column_text]<\/p>\n<p style=\"text-align: left;\">Wir legen viel Wert darauf, unseren Mitarbeitern viele Freir\u00e4ume zu lassen, damit sie w\u00e4hrend der g\u00e4ngigen Gesch\u00e4ftszeiten private Termine erledigen k\u00f6nnen. Deshalb bieten wir unseren Mitarbeitern flexible Arbeitszeitgestaltung an, die nach Absprache mit uns durchgef\u00fchrt werden kann.<\/p>\n<p>[\/vc_column_text][\/vc_tta_section][vc_tta_section title=&#8221;Professionelles Team&#8221; tab_id=&#8221;1763999571374-870d9665-ff49&#8243;][vc_column_text]<\/p>\n<p style=\"text-align: left;\">Freuen Sie sich auf einen gro\u00dfartigen Teamgeist und ein positives Arbeitsklima! Durch unsere intensive Einarbeitung k\u00f6nnen Sie sich auf eine hervorragende Vorbereitung auf Ihre T\u00e4tigkeit bei uns einstellen. Unser professionelles Team nimmt Sie an die Hand und zeigt Ihnen alles, was Sie wissen m\u00fcssen. Bei Fragen steht Ihnen jeder Mitarbeiter sofort zur Seite.<\/p>\n<p>[\/vc_column_text][\/vc_tta_section][vc_tta_section title=&#8221;Serviceorientiert Kunden beraten&#8221; tab_id=&#8221;1763999575583-1dc6fbb1-144e&#8221;][vc_column_text]<\/p>\n<p style=\"text-align: left;\">Sie haben Freude an der Beratung mit Kunden und im Verkauf? Dann sind Sie bei uns genau richtig. Als Fleischereifachverk\u00e4ufer\/in k\u00f6nnen Sie offen unsere Kunden bedienen und ihnen ein gutes Gef\u00fchl bei ihrer Bestellung geben.<\/p>\n<p>[\/vc_column_text][\/vc_tta_section][\/vc_tta_accordion][\/vc_column][vc_column width=&#8221;1\/2&#8243;][vc_column_text]<\/p>\n<h3 style=\"text-align: center;\">Wir bieten einen Arbeitsplatz mit Perspektive<\/h3>\n<p>[\/vc_column_text][vc_tta_accordion title_tag=&#8221;p&#8221; section_title_tag=&#8221;p&#8221; active_section=&#8221;1&#8243;][vc_tta_section title=&#8221;Feste Ansprechpartner&#8221; tab_id=&#8221;1763999471412-c8e0b2f6-0599&#8243;][vc_column_text]<\/p>\n<p style=\"text-align: left;\">Wir nehmen Sie professionell als Arbeitgeber an die Hand. Unsere aktuell 22 Mitarbeiter sch\u00e4tzen die enge Zusammenarbeit und unser offenes Ohr. Wir sind stets bem\u00fcht, s\u00e4mtliche Anliegen unserer Mitarbeiter ernst zu nehmen und bei Problemen gemeinsam nach einer L\u00f6sung zu suchen<\/p>\n<p>[\/vc_column_text][\/vc_tta_section][vc_tta_section title=&#8221;Tariflich geregelte Verg\u00fctung&#8221; tab_id=&#8221;1763999586119-40e0614a-2fdb&#8221;][vc_column_text]<\/p>\n<p style=\"text-align: left;\">Durch die tariflich geregelte Verg\u00fctung kommt keiner unserer Mitarbeiter gehaltstechnisch zu kurz. Wir zahlen faire L\u00f6hne.<\/p>\n<p>[\/vc_column_text][\/vc_tta_section][vc_tta_section title=&#8221;Einen umfangreichen Kundenstamm&#8221; tab_id=&#8221;1763999471434-d0bf9f29-9230&#8243;][vc_column_text]<\/p>\n<p style=\"text-align: left;\">In Sachen Fleischerei macht uns keiner etwas vor. Deshalb sind wir stolz darauf, einen festen Kundenstamm tagt\u00e4glich bedienen zu d\u00fcrfen<\/p>\n<p>[\/vc_column_text][\/vc_tta_section][vc_tta_section title=&#8221;Professionelles Equipment&#8221; tab_id=&#8221;1763999768789-b54ee958-2567&#8243;][vc_column_text]<\/p>\n<p style=\"text-align: left;\">F\u00fcr die Sicherheit unserer Mitarbeiter stellen wir professionelles Equipment zur Verf\u00fcgung, mit denen Sie mit Leichtigkeit Ihren Arbeitsalltag meistern k\u00f6nnen.<\/p>\n<p>[\/vc_column_text][\/vc_tta_section][\/vc_tta_accordion][\/vc_column][\/vc_row][vc_row][vc_column][vc_empty_space height=&#8221;50px&#8221;][\/vc_column][\/vc_row][vc_row][vc_column][vc_column_text]<\/p>\n<h3 style=\"text-align: center;\"><strong>Wie Sie sich bei uns bewerben k\u00f6nnen?<\/strong><\/h3>\n<p style=\"text-align: center;\">Wir m\u00f6chten Ihnen den Weg zur Einstellung so einfach wie m\u00f6glich machen. Uns ist das pers\u00f6nliche Gespr\u00e4ch sehr wichtig. Gerne k\u00f6nnen Sie telefonisch einen Termin zwecks Vorstellung vereinbaren. Falls wir weitere Unterlagen von Ihnen ben\u00f6tigen, teilen wir Ihnen dies mit. Auf pers\u00f6nlichem Wege k\u00f6nnen Sie sich gerne bei uns vorstellig machen. Dabei beweisen Sie dann direkt Ihre Qualifikationen. Ihre Ansprechpartnerin ist Frau Ganzenm\u00fcller, Tel. 02064 73685, E-Mail: info@fleischerei-rockhoff.de<\/p>\n<p>[\/vc_column_text][vc_empty_space height=&#8221;52px&#8221;][\/vc_column][\/vc_row][vc_row][vc_column][vc_column_text]<\/p>\n<h3 style=\"text-align: center;\"><span style=\"color: #ff0000;\">Wir suchen zum n\u00e4chstm\u00f6glichen Zeitpunkt<\/span><\/h3>\n<p>[\/vc_column_text][\/vc_column][\/vc_row][vc_row][vc_column width=&#8221;1\/3&#8243;][vc_btn title=&#8221;Fleischereifachverk\u00e4uferin Teil- oder Vollzeit&#8221; style=&#8221;classic&#8221; color=&#8221;danger&#8221; size=&#8221;lg&#8221; align=&#8221;center&#8221; button_block=&#8221;true&#8221;][\/vc_column][vc_column width=&#8221;1\/3&#8243;][vc_btn title=&#8221;Auszubildende\/r zum\/zur Fleischer\/in oder Fleischereifachverk\u00e4ufer\/in&#8221; style=&#8221;classic&#8221; color=&#8221;danger&#8221; size=&#8221;lg&#8221; align=&#8221;center&#8221; button_block=&#8221;true&#8221;][\/vc_column][vc_column width=&#8221;1\/3&#8243;][vc_btn title=&#8221;Fleischergesellen in Teil- oder Vollzeit&#8221; style=&#8221;classic&#8221; color=&#8221;danger&#8221; size=&#8221;lg&#8221; align=&#8221;center&#8221; button_block=&#8221;true&#8221;][\/vc_column][\/vc_row][vc_row][vc_column][vc_empty_space height=&#8221;52px&#8221;][\/vc_column][\/vc_row]<\/p>\n<\/section>","protected":false},"excerpt":{"rendered":"<p>[vc_row][vc_column width=&#8221;1\/2&#8243;][vc_column_text] Sie suchen einen zukunftssicheren Arbeitsplatz? [\/vc_column_text][vc_tta_accordion title_tag=&#8221;p&#8221; section_title_tag=&#8221;p&#8221; active_section=&#8221;1&#8243;][vc_tta_section title=&#8221;Krisensicheren Job&#8221; tab_id=&#8221;1763999236937-c44a09aa-cc4d&#8221;][vc_column_text] Unsere Fleischerei ist stolz darauf, unsere Waren bereits seit 1948 unseren Kunden anbieten zu k\u00f6nnen. Die Jobs unserer Mitarbeiter sind auch in Krisenzeiten gesichert und wir legen viel Wert auf eine langfristige Zusammenarbeit. [\/vc_column_text][\/vc_tta_section][vc_tta_section title=&#8221;Flexible Arbeitszeitgestaltung&#8221; tab_id=&#8221;1763999236952-cc4567a9-f772&#8243;][vc_column_text] Wir legen viel Wert &hellip; <a href=\"https:\/\/www.fleischerei-rockhoff.de\/?page_id=15\" class=\"more-link\">Weiterlesen <span class=\"screen-reader-text\">Jobs<\/span> <span class=\"meta-nav\">&rarr;<\/span><\/a><\/p>\n","protected":false},"author":1,"featured_media":266,"parent":0,"menu_order":0,"comment_status":"closed","ping_status":"closed","template":"templates\/portfolio-page.php","meta":{"footnotes":""},"class_list":["post-15","page","type-page","status-publish","has-post-thumbnail","hentry"],"yoast_head":"<!-- This site is optimized with the Yoast SEO plugin v19.9 - https:\/\/yoast.com\/wordpress\/plugins\/seo\/ -->\n<title>Jobs -<\/title>\n<meta name=\"robots\" content=\"index, follow, max-snippet:-1, max-image-preview:large, max-video-preview:-1\" \/>\n<link rel=\"canonical\" href=\"https:\/\/www.fleischerei-rockhoff.de\/?page_id=15\" \/>\n<meta property=\"og:locale\" content=\"de_DE\" \/>\n<meta property=\"og:type\" content=\"article\" \/>\n<meta property=\"og:title\" content=\"Jobs -\" \/>\n<meta property=\"og:description\" content=\"[vc_row][vc_column width=&#8221;1\/2&#8243;][vc_column_text] Sie suchen einen zukunftssicheren Arbeitsplatz? [\/vc_column_text][vc_tta_accordion title_tag=&#8221;p&#8221; section_title_tag=&#8221;p&#8221; active_section=&#8221;1&#8243;][vc_tta_section title=&#8221;Krisensicheren Job&#8221; tab_id=&#8221;1763999236937-c44a09aa-cc4d&#8221;][vc_column_text] Unsere Fleischerei ist stolz darauf, unsere Waren bereits seit 1948 unseren Kunden anbieten zu k\u00f6nnen. Die Jobs unserer Mitarbeiter sind auch in Krisenzeiten gesichert und wir legen viel Wert auf eine langfristige Zusammenarbeit. [\/vc_column_text][\/vc_tta_section][vc_tta_section title=&#8221;Flexible Arbeitszeitgestaltung&#8221; tab_id=&#8221;1763999236952-cc4567a9-f772&#8243;][vc_column_text] Wir legen viel Wert &hellip; Weiterlesen Jobs &rarr;\" \/>\n<meta property=\"og:url\" content=\"https:\/\/www.fleischerei-rockhoff.de\/?page_id=15\" \/>\n<meta property=\"article:modified_time\" content=\"2025-11-24T16:06:31+00:00\" \/>\n<meta property=\"og:image\" content=\"https:\/\/www.fleischerei-rockhoff.de\/wp-content\/uploads\/2018\/05\/ausbildung.jpg\" \/>\n\t<meta property=\"og:image:width\" content=\"1560\" \/>\n\t<meta property=\"og:image:height\" content=\"1040\" \/>\n\t<meta property=\"og:image:type\" content=\"image\/jpeg\" \/>\n<meta name=\"twitter:card\" content=\"summary_large_image\" \/>\n<meta name=\"twitter:label1\" content=\"Gesch\u00e4tzte Lesezeit\" \/>\n\t<meta name=\"twitter:data1\" content=\"3\u00a0Minuten\" \/>\n<script type=\"application\/ld+json\" class=\"yoast-schema-graph\">{\"@context\":\"https:\/\/schema.org\",\"@graph\":[{\"@type\":\"WebPage\",\"@id\":\"https:\/\/www.fleischerei-rockhoff.de\/?page_id=15\",\"url\":\"https:\/\/www.fleischerei-rockhoff.de\/?page_id=15\",\"name\":\"Jobs -\",\"isPartOf\":{\"@id\":\"https:\/\/www.fleischerei-rockhoff.de\/#website\"},\"datePublished\":\"2018-01-15T09:44:23+00:00\",\"dateModified\":\"2025-11-24T16:06:31+00:00\",\"breadcrumb\":{\"@id\":\"https:\/\/www.fleischerei-rockhoff.de\/?page_id=15#breadcrumb\"},\"inLanguage\":\"de\",\"potentialAction\":[{\"@type\":\"ReadAction\",\"target\":[\"https:\/\/www.fleischerei-rockhoff.de\/?page_id=15\"]}]},{\"@type\":\"BreadcrumbList\",\"@id\":\"https:\/\/www.fleischerei-rockhoff.de\/?page_id=15#breadcrumb\",\"itemListElement\":[{\"@type\":\"ListItem\",\"position\":1,\"name\":\"Startseite\",\"item\":\"https:\/\/www.fleischerei-rockhoff.de\/\"},{\"@type\":\"ListItem\",\"position\":2,\"name\":\"Jobs\"}]},{\"@type\":\"WebSite\",\"@id\":\"https:\/\/www.fleischerei-rockhoff.de\/#website\",\"url\":\"https:\/\/www.fleischerei-rockhoff.de\/\",\"name\":\"\",\"description\":\"\",\"potentialAction\":[{\"@type\":\"SearchAction\",\"target\":{\"@type\":\"EntryPoint\",\"urlTemplate\":\"https:\/\/www.fleischerei-rockhoff.de\/?s={search_term_string}\"},\"query-input\":\"required name=search_term_string\"}],\"inLanguage\":\"de\"}]}<\/script>\n<!-- \/ Yoast SEO plugin. -->","yoast_head_json":{"title":"Jobs -","robots":{"index":"index","follow":"follow","max-snippet":"max-snippet:-1","max-image-preview":"max-image-preview:large","max-video-preview":"max-video-preview:-1"},"canonical":"https:\/\/www.fleischerei-rockhoff.de\/?page_id=15","og_locale":"de_DE","og_type":"article","og_title":"Jobs -","og_description":"[vc_row][vc_column width=&#8221;1\/2&#8243;][vc_column_text] Sie suchen einen zukunftssicheren Arbeitsplatz? [\/vc_column_text][vc_tta_accordion title_tag=&#8221;p&#8221; section_title_tag=&#8221;p&#8221; active_section=&#8221;1&#8243;][vc_tta_section title=&#8221;Krisensicheren Job&#8221; tab_id=&#8221;1763999236937-c44a09aa-cc4d&#8221;][vc_column_text] Unsere Fleischerei ist stolz darauf, unsere Waren bereits seit 1948 unseren Kunden anbieten zu k\u00f6nnen. Die Jobs unserer Mitarbeiter sind auch in Krisenzeiten gesichert und wir legen viel Wert auf eine langfristige Zusammenarbeit. [\/vc_column_text][\/vc_tta_section][vc_tta_section title=&#8221;Flexible Arbeitszeitgestaltung&#8221; tab_id=&#8221;1763999236952-cc4567a9-f772&#8243;][vc_column_text] Wir legen viel Wert &hellip; Weiterlesen Jobs &rarr;","og_url":"https:\/\/www.fleischerei-rockhoff.de\/?page_id=15","article_modified_time":"2025-11-24T16:06:31+00:00","og_image":[{"width":1560,"height":1040,"url":"https:\/\/www.fleischerei-rockhoff.de\/wp-content\/uploads\/2018\/05\/ausbildung.jpg","type":"image\/jpeg"}],"twitter_card":"summary_large_image","twitter_misc":{"Gesch\u00e4tzte Lesezeit":"3\u00a0Minuten"},"schema":{"@context":"https:\/\/schema.org","@graph":[{"@type":"WebPage","@id":"https:\/\/www.fleischerei-rockhoff.de\/?page_id=15","url":"https:\/\/www.fleischerei-rockhoff.de\/?page_id=15","name":"Jobs -","isPartOf":{"@id":"https:\/\/www.fleischerei-rockhoff.de\/#website"},"datePublished":"2018-01-15T09:44:23+00:00","dateModified":"2025-11-24T16:06:31+00:00","breadcrumb":{"@id":"https:\/\/www.fleischerei-rockhoff.de\/?page_id=15#breadcrumb"},"inLanguage":"de","potentialAction":[{"@type":"ReadAction","target":["https:\/\/www.fleischerei-rockhoff.de\/?page_id=15"]}]},{"@type":"BreadcrumbList","@id":"https:\/\/www.fleischerei-rockhoff.de\/?page_id=15#breadcrumb","itemListElement":[{"@type":"ListItem","position":1,"name":"Startseite","item":"https:\/\/www.fleischerei-rockhoff.de\/"},{"@type":"ListItem","position":2,"name":"Jobs"}]},{"@type":"WebSite","@id":"https:\/\/www.fleischerei-rockhoff.de\/#website","url":"https:\/\/www.fleischerei-rockhoff.de\/","name":"","description":"","potentialAction":[{"@type":"SearchAction","target":{"@type":"EntryPoint","urlTemplate":"https:\/\/www.fleischerei-rockhoff.de\/?s={search_term_string}"},"query-input":"required name=search_term_string"}],"inLanguage":"de"}]}},"_links":{"self":[{"href":"https:\/\/www.fleischerei-rockhoff.de\/index.php?rest_route=\/wp\/v2\/pages\/15","targetHints":{"allow":["GET"]}}],"collection":[{"href":"https:\/\/www.fleischerei-rockhoff.de\/index.php?rest_route=\/wp\/v2\/pages"}],"about":[{"href":"https:\/\/www.fleischerei-rockhoff.de\/index.php?rest_route=\/wp\/v2\/types\/page"}],"author":[{"embeddable":true,"href":"https:\/\/www.fleischerei-rockhoff.de\/index.php?rest_route=\/wp\/v2\/users\/1"}],"replies":[{"embeddable":true,"href":"https:\/\/www.fleischerei-rockhoff.de\/index.php?rest_route=%2Fwp%2Fv2%2Fcomments&post=15"}],"version-history":[{"count":72,"href":"https:\/\/www.fleischerei-rockhoff.de\/index.php?rest_route=\/wp\/v2\/pages\/15\/revisions"}],"predecessor-version":[{"id":668,"href":"https:\/\/www.fleischerei-rockhoff.de\/index.php?rest_route=\/wp\/v2\/pages\/15\/revisions\/668"}],"wp:featuredmedia":[{"embeddable":true,"href":"https:\/\/www.fleischerei-rockhoff.de\/index.php?rest_route=\/wp\/v2\/media\/266"}],"wp:attachment":[{"href":"https:\/\/www.fleischerei-rockhoff.de\/index.php?rest_route=%2Fwp%2Fv2%2Fmedia&parent=15"}],"curies":[{"name":"wp","href":"https:\/\/api.w.org\/{rel}","templated":true}]}}